{"id":1101,"date":"2020-09-14T16:02:53","date_gmt":"2020-09-14T16:02:53","guid":{"rendered":"https:\/\/www.kuzeydenetim.com\/?page_id=1101"},"modified":"2023-01-25T11:51:14","modified_gmt":"2023-01-25T08:51:14","slug":"kariyer","status":"publish","type":"page","link":"http:\/\/www.kuzeydenetim.com\/index.php\/kariyer\/","title":{"rendered":"Kariyer"},"content":{"rendered":"<p><section class=\"kc-elm kc-css-679450 kc_row\"><div class=\"kc-row-container  kc-container\"><div class=\"kc-wrap-columns\"><div class=\"kc-elm kc-css-471796 kc_col-sm-12 kc_column kc_col-sm-12\"><div class=\"kc-col-container\">\n<div class=\"kc-elm kc-css-281113 kc-animated kc-animate-eff-fadeInDown kc-title-wrap \">\n\n\t<h1 class=\"kc_title\">Kariyer<\/h1>\n<\/div>\n<\/div><\/div><\/div><\/div><\/section><section class=\"kc-elm kc-css-58688 kc_row\"><div class=\"kc-row-container  kc-container\"><div class=\"kc-wrap-columns\"><div class=\"kc-elm kc-css-345442 kc_col-sm-6 kc_column kc_col-sm-6\"><div class=\"kc-col-container\"><div class=\"kc-elm kc-css-775251 kc_text_block\"><\/p>\n<p style=\"box-sizing: border-box; margin: 0px 0px 20px; color: #666666; font-family: 'Open Sans', Arial, Helvetica, sans-serif; font-size: 14px; text-align: justify;\"><span style=\"box-sizing: border-box; font-weight: bolder;\">KUZEY DENET\u0130M<\/span>\u00a0olarak \u00e7al\u0131\u015fanlar\u0131m\u0131zla uzun vadede birlikteli\u011fi hedefleyen bir anlay\u0131\u015fa sahibiz. Bu anlay\u0131\u015f \u00e7er\u00e7evesinde g\u00fcvenilir, d\u00fcr\u00fcst, ekip \u00e7al\u0131\u015fmas\u0131na yatk\u0131n, geli\u015fime ve de\u011fi\u015fime a\u00e7\u0131k, insiyatif alabilen ve kullanabilen, m\u00fc\u015fteri odakl\u0131 \u00e7al\u0131\u015fmay\u0131 kendine ilke edinen, vizyonumuz ve misyonumuza uygun olarak, \u015firketimizi hizmet platformunda temsil edebilecek ekip arkada\u015flar\u0131 ile \u00e7al\u0131\u015fmakta ve yine ayn\u0131 \u00f6zelliklerde aram\u0131za kat\u0131labilecek arkada\u015flar\u0131m\u0131zla b\u00fcy\u00fcme hedefi i\u00e7indeyiz.<\/p>\n<p style=\"box-sizing: border-box; margin: 0px 0px 20px; color: #666666; font-family: 'Open Sans', Arial, Helvetica, sans-serif; font-size: 14px; text-align: justify;\">Kurumumuz \u00e7al\u0131\u015fanlar\u0131n\u0131n kurum sahipleri gibi, kurumun karl\u0131l\u0131\u011f\u0131 y\u00f6n\u00fcnde bir tak\u0131m ruhuyla \u00e7al\u0131\u015fmas\u0131, ki\u015fisel \u00f6zg\u00fcvenlerini art\u0131r\u0131c\u0131, geli\u015fimi motive eden ve \u00f6\u011frenmeye te\u015fvik eden bir \u00fcslupla, M\u00fc\u015favirlik, Sigorta, Risk Y\u00f6netimi, Risk Dan\u0131\u015fmal\u0131\u011f\u0131, M\u00fc\u015fteri \u0130li\u015fkilerinde uzmanl\u0131k kazanmak isteyen personeline en geni\u015f imkanlar\u0131 sunmaktad\u0131r.<\/p>\n<p style=\"box-sizing: border-box; margin: 0px 0px 20px; color: #666666; font-family: 'Open Sans', Arial, Helvetica, sans-serif; font-size: 14px; text-align: justify;\">Kariyer planlamas\u0131 kapsam\u0131nda, \u00e7al\u0131\u015fma ilkelerimize ve de\u011ferlerimize sahip arkada\u015flar\u0131m\u0131z\u0131n belli zamanlarda ve belli kriterler esas\u0131na dayanarak yap\u0131lan performans \u00f6l\u00e7\u00fcmlerinin sonucu ile yap\u0131lmaktad\u0131r. Kurumumuza yapaca\u011f\u0131n\u0131z i\u015f ba\u015fvurular\u0131n\u0131z i\u00e7in (\u00d6zge\u00e7mi\u015f)\u00a0<span style=\"box-sizing: border-box; color: #d52a2d;\"><span style=\"box-sizing: border-box; font-weight: bolder;\">CV<\/span><\/span>\u2019 lerinizi;\u00a0<span style=\"box-sizing: border-box; font-weight: bolder;\"><a style=\"box-sizing: border-box; text-decoration-line: none; transition-property: color, background-color, border-color; transition-duration: 0.2s; transition-timing-function: linear; color: var(--link_color);\" href=\"mailto:info@kozadenetim.com\">info@kuzeydenetim.com<\/a><\/span>\u00a0adresine g\u00f6nderebilirsiniz. M\u00fcracaatlar\u0131n\u0131z g\u00fcncel olarak de\u011ferlendirilmek amac\u0131yla insan kaynaklar\u0131 havuzunda gizlilik \u00e7er\u00e7evesinde tutulmaktad\u0131r.<\/p>\n<p>\n<\/div><\/div><\/div><div class=\"kc-elm kc-css-195614 kc_col-sm-6 kc_column kc_col-sm-6\"><div class=\"kc-col-container\"><div class=\"kc-elm kc-css-344023 kc_shortcode kc_single_image\">\n\n        <img decoding=\"async\" src=\"http:\/\/www.kuzeydenetim.com\/wp-content\/uploads\/2023\/01\/ekipkuzey.jpg\" class=\"\" alt=\"\" \/>    <\/div>\n<\/div><\/div><\/div><\/div><\/section><section class=\"kc-elm kc-css-836804 kc_row\"><div class=\"kc-row-container  kc-container\"><div class=\"kc-wrap-columns\"><div class=\"kc-elm kc-css-754949 kc_col-sm-12 kc_column kc_col-sm-12\"><div class=\"kc-col-container\"><div class=\"kc-elm kc-css-494228\" style=\"height: 20px; clear: both; width:100%;\"><\/div><\/div><\/div><\/div><\/div><\/section><section class=\"kc-elm kc-css-769107 kc_row\"><div class=\"kc-row-container  kc-container\"><div class=\"kc-wrap-columns\"><div class=\"kc-elm kc-css-824156 kc_col-sm-4 kc_column kc_col-sm-4\"><div class=\"kc-col-container\">\n<div class=\"kc-elm kc-css-15867\">\n\t<a class=\"kc_button\" href=\"#\" onclick=\"\">\n\t\t<i class=\"flaticon-file-1\"><\/i> CV G\u00d6NDER\t<\/a>\n<\/div>\n<\/div><\/div><div class=\"kc-elm kc-css-207483 kc_col-sm-4 kc_column kc_col-sm-4\"><div class=\"kc-col-container\">\n<div class=\"kc-elm kc-css-423612\">\n\t<a class=\"kc_button\" href=\"#\" onclick=\"\">\n\t\t<i class=\"flaticon-file-1\"><\/i> \u0130LET\u0130\u015e\u0130ME GE\u00c7\t<\/a>\n<\/div>\n<\/div><\/div><div class=\"kc-elm kc-css-287078 kc_col-sm-4 kc_column kc_col-sm-4\"><div class=\"kc-col-container\">\n<div class=\"kc-elm kc-css-33802\">\n\t<a class=\"kc_button\" href=\"#\" onclick=\"\">\n\t\t\u0130NSAN KAYNAKLARI <i class=\"flaticon-file-1\"><\/i>\t<\/a>\n<\/div>\n<\/div><\/div><\/div><\/div><\/section><section class=\"kc-elm kc-css-287218 kc_row\"><div class=\"kc-row-container  kc-container\"><div class=\"kc-wrap-columns\"><div class=\"kc-elm kc-css-856746 kc_col-sm-12 kc_column kc_col-sm-12\"><div class=\"kc-col-container\">\r\n\r\n<!--Services Section-->\r\n<section class=\"services-section\">\r\n\t<div class=\"auto-container\">\r\n\t\t<div class=\"row clearfix\">\r\n\t\t\t\t\t\t<!--Services Block Two-->\r\n\t\t\t<div class=\"services-block-two col-md-4 col-sm-6 col-xs-12\">\r\n\t\t\t\t<div class=\"inner-box hvr-float-shadow\">\r\n\t\t\t\t\t<div class=\"icon-box\">\r\n\t\t\t\t\t\t<span class=\"icon fa fa-book\"><\/span>\r\n\t\t\t\t\t<\/div>\r\n\t\t\t\t\t<h3><a href=\"#\">KDV ve Di\u011fer Dolayl\u0131 Vergiler Hizmetleri<\/a><\/h3>\r\n\t\t\t\t\t<div class=\"text\"> ...<\/div>\r\n\t\t\t\t\t<a href=\"#\" class=\"read-more\">Read more<\/a>\r\n\t\t\t\t<\/div>\r\n\t\t\t<\/div>\r\n\t\t\t\t\t\t<!--Services Block Two-->\r\n\t\t\t<div class=\"services-block-two col-md-4 col-sm-6 col-xs-12\">\r\n\t\t\t\t<div class=\"inner-box hvr-float-shadow\">\r\n\t\t\t\t\t<div class=\"icon-box\">\r\n\t\t\t\t\t\t<span class=\"icon fa fa-bookmark-o\"><\/span>\r\n\t\t\t\t\t<\/div>\r\n\t\t\t\t\t<h3><a href=\"#\">Kurumlar ve Gelir Vergisi Hizmetleri<\/a><\/h3>\r\n\t\t\t\t\t<div class=\"text\"> ...<\/div>\r\n\t\t\t\t\t<a href=\"#\" class=\"read-more\">Read more<\/a>\r\n\t\t\t\t<\/div>\r\n\t\t\t<\/div>\r\n\t\t\t\t\t\t<!--Services Block Two-->\r\n\t\t\t<div class=\"services-block-two col-md-4 col-sm-6 col-xs-12\">\r\n\t\t\t\t<div class=\"inner-box hvr-float-shadow\">\r\n\t\t\t\t\t<div class=\"icon-box\">\r\n\t\t\t\t\t\t<span class=\"icon fa fa-home\"><\/span>\r\n\t\t\t\t\t<\/div>\r\n\t\t\t\t\t<h3><a href=\"#\">\u015eirket ve Ki\u015filere Y\u00f6nelik Muhasebe<\/a><\/h3>\r\n\t\t\t\t\t<div class=\"text\"> ...<\/div>\r\n\t\t\t\t\t<a href=\"#\" class=\"read-more\">Read more<\/a>\r\n\t\t\t\t<\/div>\r\n\t\t\t<\/div>\r\n\t\t\t\t\t<\/div>\r\n\t<\/div>\r\n<\/section>\r\n<!--End Services Section-->\r\n\r\n<\/div><\/div><\/div><\/div><\/section><\/p>\n<noscript class=\"ninja-forms-noscript-message\">\n\tBildirim: Bu i\u00e7erik i\u00e7in bir JavaScript gereklidir.<\/noscript>\n<div id=\"nf-form-1-cont\" class=\"nf-form-cont\" aria-live=\"polite\" aria-labelledby=\"nf-form-title-1\" aria-describedby=\"nf-form-errors-1\" role=\"form\">\n\n    <div class=\"nf-loading-spinner\"><\/div>\n\n<\/div>\n        <!-- That data is being printed as a workaround to page builders reordering the order of the scripts loaded-->\n        <script>var formDisplay=1;var nfForms=nfForms||[];var form=[];form.id='1';form.settings={\"objectType\":\"Form Setting\",\"editActive\":true,\"title\":\"\\u0130nsan Kaynaklar\\u0131 Ba\\u015fvuru Formu\",\"key\":\"\",\"created_at\":\"2023-01-23 13:02:46\",\"default_label_pos\":\"left\",\"conditions\":[],\"show_title\":1,\"clear_complete\":\"1\",\"hide_complete\":\"1\",\"wrapper_class\":\"\",\"element_class\":\"\",\"add_submit\":\"1\",\"logged_in\":\"\",\"not_logged_in_msg\":\"\",\"sub_limit_number\":\"\",\"sub_limit_msg\":\"\",\"calculations\":[],\"formContentData\":[\"isim_-_soyisim_1674468210178\",\"email_adresiniz_1674468215280\",\"mesajiniz_1674468220399\",\"gonder_1674468225719\"],\"container_styles_background-color\":\"\",\"container_styles_border\":\"\",\"container_styles_border-style\":\"\",\"container_styles_border-color\":\"\",\"container_styles_color\":\"\",\"container_styles_height\":\"\",\"container_styles_width\":\"\",\"container_styles_font-size\":\"\",\"container_styles_margin\":\"\",\"container_styles_padding\":\"\",\"container_styles_display\":\"\",\"container_styles_float\":\"\",\"container_styles_show_advanced_css\":\"0\",\"container_styles_advanced\":\"\",\"title_styles_background-color\":\"\",\"title_styles_border\":\"\",\"title_styles_border-style\":\"\",\"title_styles_border-color\":\"\",\"title_styles_color\":\"\",\"title_styles_height\":\"\",\"title_styles_width\":\"\",\"title_styles_font-size\":\"\",\"title_styles_margin\":\"\",\"title_styles_padding\":\"\",\"title_styles_display\":\"\",\"title_styles_float\":\"\",\"title_styles_show_advanced_css\":\"0\",\"title_styles_advanced\":\"\",\"row_styles_background-color\":\"\",\"row_styles_border\":\"\",\"row_styles_border-style\":\"\",\"row_styles_border-color\":\"\",\"row_styles_color\":\"\",\"row_styles_height\":\"\",\"row_styles_width\":\"\",\"row_styles_font-size\":\"\",\"row_styles_margin\":\"\",\"row_styles_padding\":\"\",\"row_styles_display\":\"\",\"row_styles_show_advanced_css\":\"0\",\"row_styles_advanced\":\"\",\"row-odd_styles_background-color\":\"\",\"row-odd_styles_border\":\"\",\"row-odd_styles_border-style\":\"\",\"row-odd_styles_border-color\":\"\",\"row-odd_styles_color\":\"\",\"row-odd_styles_height\":\"\",\"row-odd_styles_width\":\"\",\"row-odd_styles_font-size\":\"\",\"row-odd_styles_margin\":\"\",\"row-odd_styles_padding\":\"\",\"row-odd_styles_display\":\"\",\"row-odd_styles_show_advanced_css\":\"0\",\"row-odd_styles_advanced\":\"\",\"success-msg_styles_background-color\":\"\",\"success-msg_styles_border\":\"\",\"success-msg_styles_border-style\":\"\",\"success-msg_styles_border-color\":\"\",\"success-msg_styles_color\":\"\",\"success-msg_styles_height\":\"\",\"success-msg_styles_width\":\"\",\"success-msg_styles_font-size\":\"\",\"success-msg_styles_margin\":\"\",\"success-msg_styles_padding\":\"\",\"success-msg_styles_display\":\"\",\"success-msg_styles_show_advanced_css\":\"0\",\"success-msg_styles_advanced\":\"\",\"error_msg_styles_background-color\":\"\",\"error_msg_styles_border\":\"\",\"error_msg_styles_border-style\":\"\",\"error_msg_styles_border-color\":\"\",\"error_msg_styles_color\":\"\",\"error_msg_styles_height\":\"\",\"error_msg_styles_width\":\"\",\"error_msg_styles_font-size\":\"\",\"error_msg_styles_margin\":\"\",\"error_msg_styles_padding\":\"\",\"error_msg_styles_display\":\"\",\"error_msg_styles_show_advanced_css\":\"0\",\"error_msg_styles_advanced\":\"\",\"allow_public_link\":0,\"embed_form\":\"\",\"form_title_heading_level\":\"2\",\"currency\":\"\",\"unique_field_error\":\"Bu de\\u011fere sahip bir form zaten g\\u00f6nderildi.\",\"public_link\":\"https:\\\/\\\/www.kuzeydenetim.com\\\/ninja-forms\\\/1wqdg\",\"changeEmailErrorMsg\":\"L\\u00fctfen ge\\u00e7erli bir e-posta adresi girin!\",\"changeDateErrorMsg\":\"Please enter a valid date!\",\"confirmFieldErrorMsg\":\"Bu alanlar e\\u015fle\\u015fmelidir!\",\"fieldNumberNumMinError\":\"Minimum Say\\u0131 Hatas\\u0131\",\"fieldNumberNumMaxError\":\"Maksimum Say\\u0131 Hatas\\u0131\",\"fieldNumberIncrementBy\":\"L\\u00fctfen \\u015funa g\\u00f6re art\\u0131r\\u0131n: \",\"formErrorsCorrectErrors\":\"L\\u00fctfen bu formu g\\u00f6ndermeden \\u00f6nce hatalar\\u0131 d\\u00fczeltin.\",\"validateRequiredField\":\"Bu zorunlu bir aland\\u0131r.\",\"honeypotHoneypotError\":\"Honeypot Hatas\\u0131\",\"fieldsMarkedRequired\":\"<span class=\\\"ninja-forms-req-symbol\\\">*<\\\/span> i\\u015fareti olan alanlar zorunludur\",\"public_link_key\":\"1wqdg\",\"drawerDisabled\":false,\"ninjaForms\":\"Ninja Forms\",\"fieldTextareaRTEInsertLink\":\"Ba\\u011flant\\u0131 Yerle\\u015ftir\",\"fieldTextareaRTEInsertMedia\":\"Medya Yerle\\u015ftir\",\"fieldTextareaRTESelectAFile\":\"Dosya se\\u00e7in\",\"formHoneypot\":\"Bir insan olarak bu alan\\u0131 g\\u00f6rebiliyorsan\\u0131z, l\\u00fctfen bo\\u015f b\\u0131rak\\u0131n.\",\"fileUploadOldCodeFileUploadInProgress\":\"Dosya Y\\u00fckleme \\u0130\\u015flemi Devam Ediyor.\",\"fileUploadOldCodeFileUpload\":\"DOSYA Y\\u00dcKLEME\",\"currencySymbol\":false,\"thousands_sep\":\".\",\"decimal_point\":\",\",\"siteLocale\":\"tr_TR\",\"dateFormat\":\"m\\\/d\\\/Y\",\"startOfWeek\":\"1\",\"of\":\"\\\/\",\"previousMonth\":\"Previous Month\",\"nextMonth\":\"Next Month\",\"months\":[\"January\",\"February\",\"March\",\"April\",\"May\",\"June\",\"July\",\"August\",\"September\",\"October\",\"November\",\"December\"],\"monthsShort\":[\"Jan\",\"Feb\",\"Mar\",\"Apr\",\"May\",\"Jun\",\"Jul\",\"Aug\",\"Sep\",\"Oct\",\"Nov\",\"Dec\"],\"weekdays\":[\"Sunday\",\"Monday\",\"Tuesday\",\"Wednesday\",\"Thursday\",\"Friday\",\"Saturday\"],\"weekdaysShort\":[\"Sun\",\"Mon\",\"Tue\",\"Wed\",\"Thu\",\"Fri\",\"Sat\"],\"weekdaysMin\":[\"Su\",\"Mo\",\"Tu\",\"We\",\"Th\",\"Fr\",\"Sa\"],\"recaptchaConsentMissing\":\"reCaptcha validation couldn&#039;t load.\",\"recaptchaMissingCookie\":\"reCaptcha v3 validation couldn&#039;t load the cookie needed to submit the form.\",\"recaptchaConsentEvent\":\"Accept reCaptcha cookies before sending the form.\",\"currency_symbol\":\"\",\"beforeForm\":\"\",\"beforeFields\":\"\",\"afterFields\":\"\",\"afterForm\":\"\"};form.fields=[{\"objectType\":\"Field\",\"objectDomain\":\"fields\",\"editActive\":false,\"order\":1,\"idAttribute\":\"id\",\"label\":\"\\u0130sim - Soyisim\",\"key\":\"isim_-_soyisim_1674468210178\",\"type\":\"textbox\",\"created_at\":\"2023-01-23 13:02:46\",\"label_pos\":\"above\",\"required\":1,\"placeholder\":\"\",\"default\":\"\",\"wrapper_class\":\"\",\"element_class\":\"\",\"container_class\":\"\",\"input_limit\":\"\",\"input_limit_type\":\"characters\",\"input_limit_msg\":\"Character(s) left\",\"manual_key\":\"\",\"disable_input\":\"\",\"admin_label\":\"\",\"help_text\":\"\",\"desc_text\":\"\",\"disable_browser_autocomplete\":\"\",\"mask\":\"\",\"custom_mask\":\"\",\"wrap_styles_background-color\":\"\",\"wrap_styles_border\":\"\",\"wrap_styles_border-style\":\"\",\"wrap_styles_border-color\":\"\",\"wrap_styles_color\":\"\",\"wrap_styles_height\":\"\",\"wrap_styles_width\":\"\",\"wrap_styles_font-size\":\"\",\"wrap_styles_margin\":\"\",\"wrap_styles_padding\":\"\",\"wrap_styles_display\":\"\",\"wrap_styles_float\":\"\",\"wrap_styles_show_advanced_css\":0,\"wrap_styles_advanced\":\"\",\"label_styles_background-color\":\"\",\"label_styles_border\":\"\",\"label_styles_border-style\":\"\",\"label_styles_border-color\":\"\",\"label_styles_color\":\"\",\"label_styles_height\":\"\",\"label_styles_width\":\"\",\"label_styles_font-size\":\"\",\"label_styles_margin\":\"\",\"label_styles_padding\":\"\",\"label_styles_display\":\"\",\"label_styles_float\":\"\",\"label_styles_show_advanced_css\":0,\"label_styles_advanced\":\"\",\"element_styles_background-color\":\"\",\"element_styles_border\":\"\",\"element_styles_border-style\":\"\",\"element_styles_border-color\":\"\",\"element_styles_color\":\"\",\"element_styles_height\":\"\",\"element_styles_width\":\"\",\"element_styles_font-size\":\"\",\"element_styles_margin\":\"\",\"element_styles_padding\":\"\",\"element_styles_display\":\"\",\"element_styles_float\":\"\",\"element_styles_show_advanced_css\":0,\"element_styles_advanced\":\"\",\"cellcid\":\"c3277\",\"custom_name_attribute\":\"\",\"personally_identifiable\":\"\",\"value\":\"\",\"drawerDisabled\":false,\"id\":1,\"beforeField\":\"\",\"afterField\":\"\",\"parentType\":\"textbox\",\"element_templates\":[\"textbox\",\"input\"],\"old_classname\":\"\",\"wrap_template\":\"wrap\"},{\"objectType\":\"Field\",\"objectDomain\":\"fields\",\"editActive\":false,\"order\":2,\"idAttribute\":\"id\",\"label\":\"Email Adresiniz\",\"key\":\"email_adresiniz_1674468215280\",\"type\":\"email\",\"created_at\":\"2023-01-23 13:02:47\",\"label_pos\":\"above\",\"required\":1,\"placeholder\":\"\",\"default\":\"\",\"wrapper_class\":\"\",\"element_class\":\"\",\"container_class\":\"\",\"admin_label\":\"\",\"help_text\":\"\",\"desc_text\":\"\",\"wrap_styles_background-color\":\"\",\"wrap_styles_border\":\"\",\"wrap_styles_border-style\":\"\",\"wrap_styles_border-color\":\"\",\"wrap_styles_color\":\"\",\"wrap_styles_height\":\"\",\"wrap_styles_width\":\"\",\"wrap_styles_font-size\":\"\",\"wrap_styles_margin\":\"\",\"wrap_styles_padding\":\"\",\"wrap_styles_display\":\"\",\"wrap_styles_float\":\"\",\"wrap_styles_show_advanced_css\":0,\"wrap_styles_advanced\":\"\",\"label_styles_background-color\":\"\",\"label_styles_border\":\"\",\"label_styles_border-style\":\"\",\"label_styles_border-color\":\"\",\"label_styles_color\":\"\",\"label_styles_height\":\"\",\"label_styles_width\":\"\",\"label_styles_font-size\":\"\",\"label_styles_margin\":\"\",\"label_styles_padding\":\"\",\"label_styles_display\":\"\",\"label_styles_float\":\"\",\"label_styles_show_advanced_css\":0,\"label_styles_advanced\":\"\",\"element_styles_background-color\":\"\",\"element_styles_border\":\"\",\"element_styles_border-style\":\"\",\"element_styles_border-color\":\"\",\"element_styles_color\":\"\",\"element_styles_height\":\"\",\"element_styles_width\":\"\",\"element_styles_font-size\":\"\",\"element_styles_margin\":\"\",\"element_styles_padding\":\"\",\"element_styles_display\":\"\",\"element_styles_float\":\"\",\"element_styles_show_advanced_css\":0,\"element_styles_advanced\":\"\",\"cellcid\":\"c3281\",\"custom_name_attribute\":\"email\",\"personally_identifiable\":1,\"value\":\"\",\"drawerDisabled\":false,\"id\":2,\"beforeField\":\"\",\"afterField\":\"\",\"parentType\":\"email\",\"element_templates\":[\"email\",\"input\"],\"old_classname\":\"\",\"wrap_template\":\"wrap\"},{\"objectType\":\"Field\",\"objectDomain\":\"fields\",\"editActive\":false,\"order\":3,\"idAttribute\":\"id\",\"label\":\"Mesaj\\u0131n\\u0131z\",\"key\":\"mesajiniz_1674468220399\",\"type\":\"textarea\",\"created_at\":\"2023-01-23 13:02:47\",\"label_pos\":\"above\",\"required\":1,\"placeholder\":\"\",\"default\":\"\",\"wrapper_class\":\"\",\"element_class\":\"\",\"container_class\":\"\",\"input_limit\":\"\",\"input_limit_type\":\"characters\",\"input_limit_msg\":\"Character(s) left\",\"manual_key\":\"\",\"disable_input\":\"\",\"admin_label\":\"\",\"help_text\":\"\",\"desc_text\":\"\",\"disable_browser_autocomplete\":\"\",\"textarea_rte\":\"\",\"disable_rte_mobile\":\"\",\"textarea_media\":\"\",\"wrap_styles_background-color\":\"\",\"wrap_styles_border\":\"\",\"wrap_styles_border-style\":\"\",\"wrap_styles_border-color\":\"\",\"wrap_styles_color\":\"\",\"wrap_styles_height\":\"\",\"wrap_styles_width\":\"\",\"wrap_styles_font-size\":\"\",\"wrap_styles_margin\":\"\",\"wrap_styles_padding\":\"\",\"wrap_styles_display\":\"\",\"wrap_styles_float\":\"\",\"wrap_styles_show_advanced_css\":0,\"wrap_styles_advanced\":\"\",\"label_styles_background-color\":\"\",\"label_styles_border\":\"\",\"label_styles_border-style\":\"\",\"label_styles_border-color\":\"\",\"label_styles_color\":\"\",\"label_styles_height\":\"\",\"label_styles_width\":\"\",\"label_styles_font-size\":\"\",\"label_styles_margin\":\"\",\"label_styles_padding\":\"\",\"label_styles_display\":\"\",\"label_styles_float\":\"\",\"label_styles_show_advanced_css\":0,\"label_styles_advanced\":\"\",\"element_styles_background-color\":\"\",\"element_styles_border\":\"\",\"element_styles_border-style\":\"\",\"element_styles_border-color\":\"\",\"element_styles_color\":\"\",\"element_styles_height\":\"\",\"element_styles_width\":\"\",\"element_styles_font-size\":\"\",\"element_styles_margin\":\"\",\"element_styles_padding\":\"\",\"element_styles_display\":\"\",\"element_styles_float\":\"\",\"element_styles_show_advanced_css\":0,\"element_styles_advanced\":\"\",\"cellcid\":\"c3284\",\"value\":\"\",\"id\":3,\"beforeField\":\"\",\"afterField\":\"\",\"parentType\":\"textarea\",\"element_templates\":[\"textarea\",\"input\"],\"old_classname\":\"\",\"wrap_template\":\"wrap\"},{\"objectType\":\"Field\",\"objectDomain\":\"fields\",\"editActive\":false,\"order\":5,\"idAttribute\":\"id\",\"label\":\"G\\u00f6nder\",\"key\":\"gonder_1674468225719\",\"type\":\"submit\",\"created_at\":\"2023-01-23 13:02:47\",\"processing_label\":\"G\\u00f6nderiliyor\",\"container_class\":\"\",\"element_class\":\"\",\"wrap_styles_background-color\":\"\",\"wrap_styles_border\":\"\",\"wrap_styles_border-style\":\"\",\"wrap_styles_border-color\":\"\",\"wrap_styles_color\":\"\",\"wrap_styles_height\":\"\",\"wrap_styles_width\":\"\",\"wrap_styles_font-size\":\"\",\"wrap_styles_margin\":\"\",\"wrap_styles_padding\":\"\",\"wrap_styles_display\":\"\",\"wrap_styles_float\":\"\",\"wrap_styles_show_advanced_css\":0,\"wrap_styles_advanced\":\"\",\"label_styles_background-color\":\"\",\"label_styles_border\":\"\",\"label_styles_border-style\":\"\",\"label_styles_border-color\":\"\",\"label_styles_color\":\"\",\"label_styles_height\":\"\",\"label_styles_width\":\"\",\"label_styles_font-size\":\"\",\"label_styles_margin\":\"\",\"label_styles_padding\":\"\",\"label_styles_display\":\"\",\"label_styles_float\":\"\",\"label_styles_show_advanced_css\":0,\"label_styles_advanced\":\"\",\"element_styles_background-color\":\"\",\"element_styles_border\":\"\",\"element_styles_border-style\":\"\",\"element_styles_border-color\":\"\",\"element_styles_color\":\"\",\"element_styles_height\":\"\",\"element_styles_width\":\"\",\"element_styles_font-size\":\"\",\"element_styles_margin\":\"\",\"element_styles_padding\":\"\",\"element_styles_display\":\"\",\"element_styles_float\":\"\",\"element_styles_show_advanced_css\":0,\"element_styles_advanced\":\"\",\"submit_element_hover_styles_background-color\":\"\",\"submit_element_hover_styles_border\":\"\",\"submit_element_hover_styles_border-style\":\"\",\"submit_element_hover_styles_border-color\":\"\",\"submit_element_hover_styles_color\":\"\",\"submit_element_hover_styles_height\":\"\",\"submit_element_hover_styles_width\":\"\",\"submit_element_hover_styles_font-size\":\"\",\"submit_element_hover_styles_margin\":\"\",\"submit_element_hover_styles_padding\":\"\",\"submit_element_hover_styles_display\":\"\",\"submit_element_hover_styles_float\":\"\",\"submit_element_hover_styles_show_advanced_css\":0,\"submit_element_hover_styles_advanced\":\"\",\"cellcid\":\"c3287\",\"drawerDisabled\":false,\"id\":4,\"beforeField\":\"\",\"afterField\":\"\",\"value\":\"\",\"label_pos\":\"left\",\"parentType\":\"textbox\",\"element_templates\":[\"submit\",\"button\",\"input\"],\"old_classname\":\"\",\"wrap_template\":\"wrap-no-label\"}];nfForms.push(form);<\/script>\n        ","protected":false},"excerpt":{"rendered":"","protected":false},"author":1,"featured_media":0,"parent":0,"menu_order":0,"comment_status":"closed","ping_status":"closed","template":"","meta":{"footnotes":""},"class_list":["post-1101","page","type-page","status-publish","hentry"],"_links":{"self":[{"href":"http:\/\/www.kuzeydenetim.com\/index.php\/wp-json\/wp\/v2\/pages\/1101","targetHints":{"allow":["GET"]}}],"collection":[{"href":"http:\/\/www.kuzeydenetim.com\/index.php\/wp-json\/wp\/v2\/pages"}],"about":[{"href":"http:\/\/www.kuzeydenetim.com\/index.php\/wp-json\/wp\/v2\/types\/page"}],"author":[{"embeddable":true,"href":"http:\/\/www.kuzeydenetim.com\/index.php\/wp-json\/wp\/v2\/users\/1"}],"replies":[{"embeddable":true,"href":"http:\/\/www.kuzeydenetim.com\/index.php\/wp-json\/wp\/v2\/comments?post=1101"}],"version-history":[{"count":16,"href":"http:\/\/www.kuzeydenetim.com\/index.php\/wp-json\/wp\/v2\/pages\/1101\/revisions"}],"predecessor-version":[{"id":2508,"href":"http:\/\/www.kuzeydenetim.com\/index.php\/wp-json\/wp\/v2\/pages\/1101\/revisions\/2508"}],"wp:attachment":[{"href":"http:\/\/www.kuzeydenetim.com\/index.php\/wp-json\/wp\/v2\/media?parent=1101"}],"curies":[{"name":"wp","href":"https:\/\/api.w.org\/{rel}","templated":true}]}}