{"id":186,"date":"2018-01-04T06:53:41","date_gmt":"2018-01-04T06:53:41","guid":{"rendered":"http:\/\/wp2.commonsupport.com\/newwp\/consultox\/?page_id=186"},"modified":"2023-03-03T13:40:17","modified_gmt":"2023-03-03T10:40:17","slug":"hakkimizda","status":"publish","type":"page","link":"https:\/\/www.kuzeydenetim.com\/index.php\/hakkimizda\/","title":{"rendered":"Hakk\u0131m\u0131zda"},"content":{"rendered":"<p><section class=\"kc-elm kc-css-413753 kc_row\"><div class=\"kc-row-container  kc-container\"><div class=\"kc-wrap-columns\"><div class=\"kc-elm kc-css-286414 kc_col-sm-12 kc_column kc_col-sm-12\"><div class=\"kc-col-container\"><!--Message Section-->\n<section class=\"message-section\">\n    <div class=\"auto-container\">\n        <div class=\"sec-title-two\">\n            <div class=\"title\">Kuzey Denedim<\/div>\n            <h2>Biz Kimiz ve Neler Yap\u0131yoruz ?<\/h2>\n        <\/div>\n        <div class=\"row clearfix\">\n            <div class=\"column col-md-6 col-sm-12 col-xs-12\">\n                <div class=\"text\">\n                    <p>Kuzey Denetim, konusunda deneyimli m\u00fc\u015favirler ve denetim ekibi ile hizmet verilen kurumlar i\u00e7in \u00f6zel \u00e7\u00f6z\u00fcmler geli\u015ftirmek, katma de\u011fer yaratmak, sistematik olarak b\u00fcy\u00fcmelerine yard\u0131mc\u0131 olmak, verimliliklerini ve rekabet g\u00fc\u00e7lerini artt\u0131rmak, y\u00f6netim becerilerini geli\u015ftirmek gibi \u00f6nemli konularda uluslararas\u0131 standart ve kalitede hizmet vermektedir.<\/p>\r\n<p>Ba\u015far\u0131m\u0131z kar\u015f\u0131l\u0131kl\u0131 mutabakat zincirinin kurulmas\u0131na ba\u011fl\u0131 olmakla birlikte, verdi\u011fimiz hizmetlerde standart bir anlay\u0131\u015ftan ziyade her \u015firketin kendi i\u00e7 dinamiklerine ve birikimine ba\u011fl\u0131 butik \u00e7\u00f6z\u00fcmler \u00fcretmeyi hedeflemekteyiz. <\/p>                <\/div>\n            <\/div>\n            <div class=\"column col-md-6 col-sm-12 col-xs-12\">\n                <div class=\"text\">\n                    <p>Hedefimiz, \u015firketlere yaln\u0131zca hizmet verdi\u011fimiz bir alanda de\u011fil, t\u00fcm hizmet alanlar\u0131m\u0131za giren konularda global bir bak\u0131\u015fla yakla\u015fmak ve olas\u0131 risk ve karl\u0131l\u0131klar\u0131n\u0131 dikkate alarak stratejik karar alma s\u00fcre\u00e7lerine katk\u0131da bulunmakt\u0131r.<\/p>                <\/div>\n                <ul class=\"list-style-two\">\n                    \t\t\t\t\t<li>Denetim Hizmetleri\r<\/li>\n\t\t\t\t\t\t\t\t\t\t<li>Y\u00f6netim Dan\u0131\u015fmanl\u0131\u011f\u0131 Hizmetlerimiz\r<\/li>\n\t\t\t\t\t\t\t\t\t\t<li>Vergi Dan\u0131\u015fmanl\u0131\u011f\u0131 Hizmetlerimiz\r<\/li>\n\t\t\t\t\t\t\t\t\t\t<li>\u015eirketler \u0130\u015fletmeler ve Ki\u015filere y\u00f6nelik Di\u011fer Muhasebe Hizmetleri\r<\/li>\n\t\t\t\t\t\t\t\t\t\t<li>Kurumlar ve Gelir Vergisi hizmetleri\r<\/li>\n\t\t\t\t\t\t\t\t\t\t<li>KDV ve Di\u011fer Dolayl\u0131 Vergiler hizmetleri\r<\/li>\n\t\t\t\t\t\t\t\t\t\t<li>Bordro hizmetleri\r<\/li>\n\t\t\t\t\t\t\t\t\t\t<li>Di\u011fer \u015eirket \u0130\u015flemleri\r<\/li>\n\t\t\t\t\t\t\t\t\t\t<li>Ki\u015filere ili\u015fkin hizmetler<\/li>\n\t\t\t\t\t                <\/ul>\n            <\/div>\n        <\/div>\n    <\/div>\n<\/section>\n<!--End Message Section-->\n<\/div><\/div><\/div><\/div><\/section><section class=\"kc-elm kc-css-57814 kc_row\"><div class=\"kc-row-container\"><div class=\"kc-wrap-columns\"><div class=\"kc-elm kc-css-112880 kc_col-sm-12 kc_column kc_col-sm-12\"><div class=\"kc-col-container\"><!--Call To Action Section-->\n<section class=\"call-to-action-section\" style=\"background-image:url(http:\/\/www.kuzeydenetim.com\/wp-content\/uploads\/2018\/01\/1.jpg)\">\n    <div class=\"auto-container\">\n        <h2>Profesyonel destek almak i\u00e7in<span>ekibimiz ile ileti\u015fime ge\u00e7in<\/span><\/h2>\n        <div class=\"number-box clearfix\">\n            <div class=\"pull-left\">\n                <div class=\"number\">0212 266 50 38<\/div>\n            <\/div>\n            <div class=\"pull-right\">\n                <a href=\"https:\/\/www.kuzeydenetim.com\/index.php\/iletisim\/\" class=\"theme-btn btn-style-three\">\u0130leti\u015fime Ge\u00e7<\/a>\n            <\/div>\n        <\/div>\n    <\/div>\n<\/section>\n<!--End Call To Action Section-->\n<\/div><\/div><\/div><\/div><\/section><\/p>\n","protected":false},"excerpt":{"rendered":"","protected":false},"author":1,"featured_media":0,"parent":0,"menu_order":0,"comment_status":"closed","ping_status":"closed","template":"tpl-king_composer.php","meta":{"footnotes":""},"class_list":["post-186","page","type-page","status-publish","hentry"],"_links":{"self":[{"href":"https:\/\/www.kuzeydenetim.com\/index.php\/wp-json\/wp\/v2\/pages\/186","targetHints":{"allow":["GET"]}}],"collection":[{"href":"https:\/\/www.kuzeydenetim.com\/index.php\/wp-json\/wp\/v2\/pages"}],"about":[{"href":"https:\/\/www.kuzeydenetim.com\/index.php\/wp-json\/wp\/v2\/types\/page"}],"author":[{"embeddable":true,"href":"https:\/\/www.kuzeydenetim.com\/index.php\/wp-json\/wp\/v2\/users\/1"}],"replies":[{"embeddable":true,"href":"https:\/\/www.kuzeydenetim.com\/index.php\/wp-json\/wp\/v2\/comments?post=186"}],"version-history":[{"count":14,"href":"https:\/\/www.kuzeydenetim.com\/index.php\/wp-json\/wp\/v2\/pages\/186\/revisions"}],"predecessor-version":[{"id":2617,"href":"https:\/\/www.kuzeydenetim.com\/index.php\/wp-json\/wp\/v2\/pages\/186\/revisions\/2617"}],"wp:attachment":[{"href":"https:\/\/www.kuzeydenetim.com\/index.php\/wp-json\/wp\/v2\/media?parent=186"}],"curies":[{"name":"wp","href":"https:\/\/api.w.org\/{rel}","templated":true}]}}