{"id":353,"date":"2018-01-06T08:21:39","date_gmt":"2018-01-06T08:21:39","guid":{"rendered":"http:\/\/wp2.commonsupport.com\/newwp\/consultox\/?page_id=353"},"modified":"2023-01-25T11:38:58","modified_gmt":"2023-01-25T08:38:58","slug":"calisma-arkadaslarimiz","status":"publish","type":"page","link":"https:\/\/www.kuzeydenetim.com\/index.php\/calisma-arkadaslarimiz\/","title":{"rendered":"\u00c7al\u0131\u015fma Arkada\u015flar\u0131m\u0131z"},"content":{"rendered":"<p><section class=\"kc-elm kc-css-478738 kc_row\"><div class=\"kc-row-container  kc-container\"><div class=\"kc-wrap-columns\"><div class=\"kc-elm kc-css-952227 kc_col-sm-12 kc_column kc_col-sm-12\"><div class=\"kc-col-container\">\r\n\r\n<!--Advisor Section-->\r\n<section class=\"advisor-section team-page-section\">\r\n\t<div class=\"auto-container\">\r\n\t\t<!--Sec Title Two-->\r\n\t\t<div class=\"sec-title-two\">\r\n\t\t\t<h2>Our Advisors<\/h2>\r\n\t\t\t<div class=\"text\">Completely synergize resource taxing relationships via premier niche markets. Professionally cultivate one-to-one customer service with robust ideas. Dynamically innovate resource-leveling customer service for state of the art customer service.<\/div>\r\n\t\t<\/div>\r\n\t\t\r\n\t\t<div class=\"row clearfix\">\r\n\t\t\t\t\t\t<!--Team Block Two-->\r\n\t\t\t<div class=\"team-block-two col-lg-3 col-md-4 col-sm-6 col-xs-12\">\r\n\t\t\t\t<div class=\"inner-box\">\r\n\t\t\t\t\t<div class=\"image\">\r\n\t\t\t\t\t\t<img loading=\"lazy\" decoding=\"async\" width=\"270\" height=\"286\" src=\"https:\/\/www.kuzeydenetim.com\/wp-content\/uploads\/2018\/01\/team-1.jpg\" class=\"attachment-consultox_270x286 size-consultox_270x286 wp-post-image\" alt=\"\" \/>\t\t\t\t\t\t<div class=\"overlay-box\">\r\n\t\t\t\t\t\t\t<div class=\"content\">\r\n\t\t\t\t\t\t\t\t<h3>Michale Joe<\/h3>\r\n\t\t\t\t\t\t\t\t<div class=\"designation\">Insurance Expert<\/div>\r\n                                \t\t\t\t\t\t\t\t<ul class=\"social-icon-three\">\r\n                                \t                                    <li><a href=\"#\" target=\"_blank\"><span class=\"fa fa fa-facebook\"><\/span><\/a><\/li>\r\n                                                                        <li><a href=\"#\" target=\"_blank\"><span class=\"fa fa fa-linkedin\"><\/span><\/a><\/li>\r\n                                                                        <li><a href=\"#\" target=\"_blank\"><span class=\"fa fa fa-twitter\"><\/span><\/a><\/li>\r\n                                                                        <li><a href=\"#\" target=\"_blank\"><span class=\"fa fa fa-google-plus\"><\/span><\/a><\/li>\r\n                                    \t\t\t\t\t\t\t\t<\/ul>\r\n                                \t\t\t\t\t\t\t<\/div>\r\n\t\t\t\t\t\t<\/div>\r\n\t\t\t\t\t<\/div>\r\n\t\t\t\t\t<div class=\"lower-box\">\r\n\t\t\t\t\t\t<h3>Michale Joe<\/h3>\r\n\t\t\t\t\t<\/div>\r\n\t\t\t\t<\/div>\r\n\t\t\t<\/div>\r\n\t\t\t\t\t\t<!--Team Block Two-->\r\n\t\t\t<div class=\"team-block-two col-lg-3 col-md-4 col-sm-6 col-xs-12\">\r\n\t\t\t\t<div class=\"inner-box\">\r\n\t\t\t\t\t<div class=\"image\">\r\n\t\t\t\t\t\t<img loading=\"lazy\" decoding=\"async\" width=\"270\" height=\"286\" src=\"https:\/\/www.kuzeydenetim.com\/wp-content\/uploads\/2018\/01\/team-2.jpg\" class=\"attachment-consultox_270x286 size-consultox_270x286 wp-post-image\" alt=\"\" \/>\t\t\t\t\t\t<div class=\"overlay-box\">\r\n\t\t\t\t\t\t\t<div class=\"content\">\r\n\t\t\t\t\t\t\t\t<h3>Michale Joe<\/h3>\r\n\t\t\t\t\t\t\t\t<div class=\"designation\">Insurance Expert<\/div>\r\n                                \t\t\t\t\t\t\t\t<ul class=\"social-icon-three\">\r\n                                \t                                    <li><a href=\"#\" target=\"_blank\"><span class=\"fa fa fa-facebook\"><\/span><\/a><\/li>\r\n                                                                        <li><a href=\"#\" target=\"_blank\"><span class=\"fa fa fa-linkedin\"><\/span><\/a><\/li>\r\n                                                                        <li><a href=\"#\" target=\"_blank\"><span class=\"fa fa fa-twitter\"><\/span><\/a><\/li>\r\n                                                                        <li><a href=\"#\" target=\"_blank\"><span class=\"fa fa fa-google-plus\"><\/span><\/a><\/li>\r\n                                    \t\t\t\t\t\t\t\t<\/ul>\r\n                                \t\t\t\t\t\t\t<\/div>\r\n\t\t\t\t\t\t<\/div>\r\n\t\t\t\t\t<\/div>\r\n\t\t\t\t\t<div class=\"lower-box\">\r\n\t\t\t\t\t\t<h3>Michale Joe<\/h3>\r\n\t\t\t\t\t<\/div>\r\n\t\t\t\t<\/div>\r\n\t\t\t<\/div>\r\n\t\t\t\t\t\t<!--Team Block Two-->\r\n\t\t\t<div class=\"team-block-two col-lg-3 col-md-4 col-sm-6 col-xs-12\">\r\n\t\t\t\t<div class=\"inner-box\">\r\n\t\t\t\t\t<div class=\"image\">\r\n\t\t\t\t\t\t<img loading=\"lazy\" decoding=\"async\" width=\"270\" height=\"286\" src=\"https:\/\/www.kuzeydenetim.com\/wp-content\/uploads\/2018\/01\/team-3.jpg\" class=\"attachment-consultox_270x286 size-consultox_270x286 wp-post-image\" alt=\"\" \/>\t\t\t\t\t\t<div class=\"overlay-box\">\r\n\t\t\t\t\t\t\t<div class=\"content\">\r\n\t\t\t\t\t\t\t\t<h3>Michale Joe<\/h3>\r\n\t\t\t\t\t\t\t\t<div class=\"designation\">Insurance Expert<\/div>\r\n                                \t\t\t\t\t\t\t\t<ul class=\"social-icon-three\">\r\n                                \t                                    <li><a href=\"#\" target=\"_blank\"><span class=\"fa fa fa-facebook\"><\/span><\/a><\/li>\r\n                                                                        <li><a href=\"#\" target=\"_blank\"><span class=\"fa fa fa-linkedin\"><\/span><\/a><\/li>\r\n                                                                        <li><a href=\"#\" target=\"_blank\"><span class=\"fa fa fa-twitter\"><\/span><\/a><\/li>\r\n                                                                        <li><a href=\"#\" target=\"_blank\"><span class=\"fa fa fa-google-plus\"><\/span><\/a><\/li>\r\n                                    \t\t\t\t\t\t\t\t<\/ul>\r\n                                \t\t\t\t\t\t\t<\/div>\r\n\t\t\t\t\t\t<\/div>\r\n\t\t\t\t\t<\/div>\r\n\t\t\t\t\t<div class=\"lower-box\">\r\n\t\t\t\t\t\t<h3>Michale Joe<\/h3>\r\n\t\t\t\t\t<\/div>\r\n\t\t\t\t<\/div>\r\n\t\t\t<\/div>\r\n\t\t\t\t\t\t<!--Team Block Two-->\r\n\t\t\t<div class=\"team-block-two col-lg-3 col-md-4 col-sm-6 col-xs-12\">\r\n\t\t\t\t<div class=\"inner-box\">\r\n\t\t\t\t\t<div class=\"image\">\r\n\t\t\t\t\t\t<img loading=\"lazy\" decoding=\"async\" width=\"270\" height=\"286\" src=\"https:\/\/www.kuzeydenetim.com\/wp-content\/uploads\/2018\/01\/team-4.jpg\" class=\"attachment-consultox_270x286 size-consultox_270x286 wp-post-image\" alt=\"\" \/>\t\t\t\t\t\t<div class=\"overlay-box\">\r\n\t\t\t\t\t\t\t<div class=\"content\">\r\n\t\t\t\t\t\t\t\t<h3>Michale Joe<\/h3>\r\n\t\t\t\t\t\t\t\t<div class=\"designation\">Insurance Expert<\/div>\r\n                                \t\t\t\t\t\t\t\t<ul class=\"social-icon-three\">\r\n                                \t                                    <li><a href=\"#\" target=\"_blank\"><span class=\"fa fa fa-facebook\"><\/span><\/a><\/li>\r\n                                                                        <li><a href=\"#\" target=\"_blank\"><span class=\"fa fa fa-linkedin\"><\/span><\/a><\/li>\r\n                                                                        <li><a href=\"#\" target=\"_blank\"><span class=\"fa fa fa-twitter\"><\/span><\/a><\/li>\r\n                                                                        <li><a href=\"#\" target=\"_blank\"><span class=\"fa fa fa-google-plus\"><\/span><\/a><\/li>\r\n                                    \t\t\t\t\t\t\t\t<\/ul>\r\n                                \t\t\t\t\t\t\t<\/div>\r\n\t\t\t\t\t\t<\/div>\r\n\t\t\t\t\t<\/div>\r\n\t\t\t\t\t<div class=\"lower-box\">\r\n\t\t\t\t\t\t<h3>Michale Joe<\/h3>\r\n\t\t\t\t\t<\/div>\r\n\t\t\t\t<\/div>\r\n\t\t\t<\/div>\r\n\t\t\t\t\t\t<!--Team Block Two-->\r\n\t\t\t<div class=\"team-block-two col-lg-3 col-md-4 col-sm-6 col-xs-12\">\r\n\t\t\t\t<div class=\"inner-box\">\r\n\t\t\t\t\t<div class=\"image\">\r\n\t\t\t\t\t\t<img loading=\"lazy\" decoding=\"async\" width=\"270\" height=\"286\" src=\"https:\/\/www.kuzeydenetim.com\/wp-content\/uploads\/2018\/01\/team-5.jpg\" class=\"attachment-consultox_270x286 size-consultox_270x286 wp-post-image\" alt=\"\" \/>\t\t\t\t\t\t<div class=\"overlay-box\">\r\n\t\t\t\t\t\t\t<div class=\"content\">\r\n\t\t\t\t\t\t\t\t<h3>Michale Joe<\/h3>\r\n\t\t\t\t\t\t\t\t<div class=\"designation\">Insurance Expert<\/div>\r\n                                \t\t\t\t\t\t\t\t<ul class=\"social-icon-three\">\r\n                                \t                                    <li><a href=\"#\" target=\"_blank\"><span class=\"fa fa fa-facebook\"><\/span><\/a><\/li>\r\n                                                                        <li><a href=\"#\" target=\"_blank\"><span class=\"fa fa fa-linkedin\"><\/span><\/a><\/li>\r\n                                                                        <li><a href=\"#\" target=\"_blank\"><span class=\"fa fa fa-twitter\"><\/span><\/a><\/li>\r\n                                                                        <li><a href=\"#\" target=\"_blank\"><span class=\"fa fa fa-google-plus\"><\/span><\/a><\/li>\r\n                                    \t\t\t\t\t\t\t\t<\/ul>\r\n                                \t\t\t\t\t\t\t<\/div>\r\n\t\t\t\t\t\t<\/div>\r\n\t\t\t\t\t<\/div>\r\n\t\t\t\t\t<div class=\"lower-box\">\r\n\t\t\t\t\t\t<h3>Michale Joe<\/h3>\r\n\t\t\t\t\t<\/div>\r\n\t\t\t\t<\/div>\r\n\t\t\t<\/div>\r\n\t\t\t\t\t\t<!--Team Block Two-->\r\n\t\t\t<div class=\"team-block-two col-lg-3 col-md-4 col-sm-6 col-xs-12\">\r\n\t\t\t\t<div class=\"inner-box\">\r\n\t\t\t\t\t<div class=\"image\">\r\n\t\t\t\t\t\t<img loading=\"lazy\" decoding=\"async\" width=\"270\" height=\"286\" src=\"https:\/\/www.kuzeydenetim.com\/wp-content\/uploads\/2018\/01\/team-6.jpg\" class=\"attachment-consultox_270x286 size-consultox_270x286 wp-post-image\" alt=\"\" \/>\t\t\t\t\t\t<div class=\"overlay-box\">\r\n\t\t\t\t\t\t\t<div class=\"content\">\r\n\t\t\t\t\t\t\t\t<h3>Michale Joe<\/h3>\r\n\t\t\t\t\t\t\t\t<div class=\"designation\">Insurance Expert<\/div>\r\n                                \t\t\t\t\t\t\t\t<ul class=\"social-icon-three\">\r\n                                \t                                    <li><a href=\"#\" target=\"_blank\"><span class=\"fa fa fa-facebook\"><\/span><\/a><\/li>\r\n                                                                        <li><a href=\"#\" target=\"_blank\"><span class=\"fa fa fa-linkedin\"><\/span><\/a><\/li>\r\n                                                                        <li><a href=\"#\" target=\"_blank\"><span class=\"fa fa fa-twitter\"><\/span><\/a><\/li>\r\n                                                                        <li><a href=\"#\" target=\"_blank\"><span class=\"fa fa fa-google-plus\"><\/span><\/a><\/li>\r\n                                    \t\t\t\t\t\t\t\t<\/ul>\r\n                                \t\t\t\t\t\t\t<\/div>\r\n\t\t\t\t\t\t<\/div>\r\n\t\t\t\t\t<\/div>\r\n\t\t\t\t\t<div class=\"lower-box\">\r\n\t\t\t\t\t\t<h3>Michale Joe<\/h3>\r\n\t\t\t\t\t<\/div>\r\n\t\t\t\t<\/div>\r\n\t\t\t<\/div>\r\n\t\t\t\t\t\t<!--Team Block Two-->\r\n\t\t\t<div class=\"team-block-two col-lg-3 col-md-4 col-sm-6 col-xs-12\">\r\n\t\t\t\t<div class=\"inner-box\">\r\n\t\t\t\t\t<div class=\"image\">\r\n\t\t\t\t\t\t<img loading=\"lazy\" decoding=\"async\" width=\"270\" height=\"286\" src=\"https:\/\/www.kuzeydenetim.com\/wp-content\/uploads\/2018\/01\/team-1.jpg\" class=\"attachment-consultox_270x286 size-consultox_270x286 wp-post-image\" alt=\"\" \/>\t\t\t\t\t\t<div class=\"overlay-box\">\r\n\t\t\t\t\t\t\t<div class=\"content\">\r\n\t\t\t\t\t\t\t\t<h3>Michale Joe<\/h3>\r\n\t\t\t\t\t\t\t\t<div class=\"designation\">Insurance Expert<\/div>\r\n                                \t\t\t\t\t\t\t\t<ul class=\"social-icon-three\">\r\n                                \t                                    <li><a href=\"#\" target=\"_blank\"><span class=\"fa fa fa-facebook\"><\/span><\/a><\/li>\r\n                                                                        <li><a href=\"#\" target=\"_blank\"><span class=\"fa fa fa-linkedin\"><\/span><\/a><\/li>\r\n                                                                        <li><a href=\"#\" target=\"_blank\"><span class=\"fa fa fa-twitter\"><\/span><\/a><\/li>\r\n                                                                        <li><a href=\"#\" target=\"_blank\"><span class=\"fa fa fa-google-plus\"><\/span><\/a><\/li>\r\n                                    \t\t\t\t\t\t\t\t<\/ul>\r\n                                \t\t\t\t\t\t\t<\/div>\r\n\t\t\t\t\t\t<\/div>\r\n\t\t\t\t\t<\/div>\r\n\t\t\t\t\t<div class=\"lower-box\">\r\n\t\t\t\t\t\t<h3>Michale Joe<\/h3>\r\n\t\t\t\t\t<\/div>\r\n\t\t\t\t<\/div>\r\n\t\t\t<\/div>\r\n\t\t\t\t\t\t<!--Team Block Two-->\r\n\t\t\t<div class=\"team-block-two col-lg-3 col-md-4 col-sm-6 col-xs-12\">\r\n\t\t\t\t<div class=\"inner-box\">\r\n\t\t\t\t\t<div class=\"image\">\r\n\t\t\t\t\t\t<img loading=\"lazy\" decoding=\"async\" width=\"270\" height=\"286\" src=\"https:\/\/www.kuzeydenetim.com\/wp-content\/uploads\/2018\/01\/team-2.jpg\" class=\"attachment-consultox_270x286 size-consultox_270x286 wp-post-image\" alt=\"\" \/>\t\t\t\t\t\t<div class=\"overlay-box\">\r\n\t\t\t\t\t\t\t<div class=\"content\">\r\n\t\t\t\t\t\t\t\t<h3>Michale Joe<\/h3>\r\n\t\t\t\t\t\t\t\t<div class=\"designation\">Insurance Expert<\/div>\r\n                                \t\t\t\t\t\t\t\t<ul class=\"social-icon-three\">\r\n                                \t                                    <li><a href=\"#\" target=\"_blank\"><span class=\"fa fa fa-facebook\"><\/span><\/a><\/li>\r\n                                                                        <li><a href=\"#\" target=\"_blank\"><span class=\"fa fa fa-linkedin\"><\/span><\/a><\/li>\r\n                                                                        <li><a href=\"#\" target=\"_blank\"><span class=\"fa fa fa-twitter\"><\/span><\/a><\/li>\r\n                                                                        <li><a href=\"#\" target=\"_blank\"><span class=\"fa fa fa-google-plus\"><\/span><\/a><\/li>\r\n                                    \t\t\t\t\t\t\t\t<\/ul>\r\n                                \t\t\t\t\t\t\t<\/div>\r\n\t\t\t\t\t\t<\/div>\r\n\t\t\t\t\t<\/div>\r\n\t\t\t\t\t<div class=\"lower-box\">\r\n\t\t\t\t\t\t<h3>Michale Joe<\/h3>\r\n\t\t\t\t\t<\/div>\r\n\t\t\t\t<\/div>\r\n\t\t\t<\/div>\r\n\t\t\t\t\t<\/div>\r\n\t<\/div>\r\n<\/section>\r\n<!--End Advisor Section-->\r\n\r\n<\/div><\/div><\/div><\/div><\/section><section class=\"kc-elm kc-css-251064 kc_row\"><div class=\"kc-row-container\"><div class=\"kc-wrap-columns\"><div class=\"kc-elm kc-css-505334 kc_col-sm-12 kc_column kc_col-sm-12\"><div class=\"kc-col-container\"><!--Appointment Section-->\n<section class=\"appointment-section\" style=\"background-image:url(http:\/\/www.kuzeydenetim.com\/wp-content\/uploads\/2018\/01\/2-1.jpg)\">\n    <div class=\"auto-container clearfix\">\n        <div class=\"inner-container\">\n            <h2>Customer relations with transparent communication ...<\/h2>\n            <div class=\"text\">Consultox solutions can help you get there.<\/div>\n            <a href=\"#\" class=\"theme-btn btn-style-two\">Get appointment<\/a>\n        <\/div>\n    <\/div>\n<\/section>\n<!--End Appointment Section-->\n<\/div><\/div><\/div><\/div><\/section><\/p>\n","protected":false},"excerpt":{"rendered":"","protected":false},"author":1,"featured_media":0,"parent":0,"menu_order":0,"comment_status":"closed","ping_status":"closed","template":"tpl-king_composer.php","meta":{"footnotes":""},"class_list":["post-353","page","type-page","status-publish","hentry"],"_links":{"self":[{"href":"https:\/\/www.kuzeydenetim.com\/index.php\/wp-json\/wp\/v2\/pages\/353","targetHints":{"allow":["GET"]}}],"collection":[{"href":"https:\/\/www.kuzeydenetim.com\/index.php\/wp-json\/wp\/v2\/pages"}],"about":[{"href":"https:\/\/www.kuzeydenetim.com\/index.php\/wp-json\/wp\/v2\/types\/page"}],"author":[{"embeddable":true,"href":"https:\/\/www.kuzeydenetim.com\/index.php\/wp-json\/wp\/v2\/users\/1"}],"replies":[{"embeddable":true,"href":"https:\/\/www.kuzeydenetim.com\/index.php\/wp-json\/wp\/v2\/comments?post=353"}],"version-history":[{"count":1,"href":"https:\/\/www.kuzeydenetim.com\/index.php\/wp-json\/wp\/v2\/pages\/353\/revisions"}],"predecessor-version":[{"id":2479,"href":"https:\/\/www.kuzeydenetim.com\/index.php\/wp-json\/wp\/v2\/pages\/353\/revisions\/2479"}],"wp:attachment":[{"href":"https:\/\/www.kuzeydenetim.com\/index.php\/wp-json\/wp\/v2\/media?parent=353"}],"curies":[{"name":"wp","href":"https:\/\/api.w.org\/{rel}","templated":true}]}}