{"id":531,"date":"2018-01-01T11:26:31","date_gmt":"2018-01-01T08:26:31","guid":{"rendered":"http:\/\/wp2.commonsupport.com\/newwp\/consultox\/?page_id=8"},"modified":"2023-01-25T17:48:02","modified_gmt":"2023-01-25T14:48:02","slug":"anasayfa","status":"publish","type":"page","link":"https:\/\/www.kuzeydenetim.com\/","title":{"rendered":"Anasayfa"},"content":{"rendered":"<p><section class=\"kc-elm kc-css-940177 kc_row\"><div class=\"kc-row-container\"><div class=\"kc-wrap-columns\"><div class=\"kc-elm kc-css-265051 kc_col-sm-12 kc_column kc_col-sm-12\"><div class=\"kc-col-container\"><!--Main Slider-->\n<section class=\"main-slider\">\n    <div class=\"rev_slider_wrapper fullwidthbanner-container\" id=\"rev_slider_one_wrapper\" data-source=\"gallery\">\n        <div class=\"rev_slider fullwidthabanner\" id=\"rev_slider_one\" data-version=\"5.4.1\">\n\t\t\t\n\t\t\t<!-- START Video Slider REVOLUTION SLIDER 6.6.8 --><p class=\"rs-p-wp-fix\"><\/p>\n\t\t\t<rs-module-wrap id=\"rev_slider_4_1_wrapper\" data-source=\"gallery\" style=\"visibility:hidden;background:transparent;padding:0;margin:0px auto;margin-top:0;margin-bottom:0;\">\n\t\t\t\t<rs-module id=\"rev_slider_4_1\" style=\"\" data-version=\"6.6.8\">\n\t\t\t\t\t<rs-slides style=\"overflow: hidden; position: absolute;\">\n\t\t\t\t\t\t<rs-slide style=\"position: absolute;\" data-key=\"rs-12\" data-title=\"Slide\" data-in=\"o:1;y:-100%;\" data-out=\"a:false;\">\n\t\t\t\t\t\t\t<img decoding=\"async\" src=\"\/\/www.kuzeydenetim.com\/wp-content\/plugins\/revslider\/public\/assets\/assets\/dummy.png\" alt=\"\" title=\"\u0130nsanlar &#8211; Topluluk &#8211; Kal-VideoIndirelim.com\" width=\"1280\" height=\"720\" class=\"rev-slidebg tp-rs-img rs-lazyload\" data-lazyload=\"\/\/www.kuzeydenetim.com\/wp-content\/uploads\/2023\/01\/Insanlar-Topluluk-Kal-VideoIndirelim.com_.mp4\" data-no-retina>\n<!--\n\t\t\t\t\t\t\t--><rs-layer\n\t\t\t\t\t\t\t\tid=\"slider-4-slide-12-layer-0\" \n\t\t\t\t\t\t\t\tclass=\"rs-layer-video intrinsic-ignore\"\n\t\t\t\t\t\t\t\tdata-type=\"video\"\n\t\t\t\t\t\t\t\tdata-rsp_ch=\"on\"\n\t\t\t\t\t\t\t\tdata-xy=\"xo:-401px,-350px,-265px,-163px;yo:-211px,-184px,-139px,-85px;\"\n\t\t\t\t\t\t\t\tdata-text=\"w:normal;s:20,17,12,7;l:0,21,15,9;\"\n\t\t\t\t\t\t\t\tdata-dim=\"w:2220px,1942px,1475px,910px;h:1249px,1093px,830px,512px;\"\n\t\t\t\t\t\t\t\tdata-video=\"vfc:true;vd:0;l:true;ptimer:false;nse:f;\"\n\t\t\t\t\t\t\t\tdata-poster=\"\/\/www.kuzeydenetim.com\/wp-content\/uploads\/revslider\/video-media\/Insanlar-Topluluk-Kal-VideoIndirelim_12_layer.jpeg\"\n\t\t\t\t\t\t\t\tdata-mp4=\"\/\/www.kuzeydenetim.com\/wp-content\/uploads\/2023\/01\/Insanlar-Topluluk-Kal-VideoIndirelim.com_.mp4\"\n\t\t\t\t\t\t\t\tdata-frame_999=\"o:0;st:w;\"\n\t\t\t\t\t\t\t\tstyle=\"z-index:6;\"\n\t\t\t\t\t\t\t>\n\t\t\t\t\t\t\t<\/rs-layer><!--\n\n\t\t\t\t\t\t\t--><rs-layer\n\t\t\t\t\t\t\t\tid=\"slider-4-slide-12-layer-1\" \n\t\t\t\t\t\t\t\tdata-type=\"text\"\n\t\t\t\t\t\t\t\tdata-color=\"#d1ad4d\"\n\t\t\t\t\t\t\t\tdata-rsp_ch=\"on\"\n\t\t\t\t\t\t\t\tdata-xy=\"x:r,r,c,c;xo:-123px,-123px,0,0;y:m;yo:-89px;\"\n\t\t\t\t\t\t\t\tdata-text=\"w:normal;s:52,52,52,40;l:60,60,60,50;fw:700;a:left,left,center,center;\"\n\t\t\t\t\t\t\t\tdata-dim=\"w:540px,540px,540px,430px;\"\n\t\t\t\t\t\t\t\tdata-frame_0=\"y:-100%;o:1;\"\n\t\t\t\t\t\t\t\tdata-frame_0_mask=\"u:t;\"\n\t\t\t\t\t\t\t\tdata-frame_1=\"sp:1500;sR:10;\"\n\t\t\t\t\t\t\t\tdata-frame_1_mask=\"u:t;\"\n\t\t\t\t\t\t\t\tdata-frame_999=\"y:-100%;e:nothing;st:w;sR:8690.00061035;\"\n\t\t\t\t\t\t\t\tdata-frame_999_mask=\"u:t;\"\n\t\t\t\t\t\t\t\tstyle=\"z-index:7;font-family:'Poppins';\"\n\t\t\t\t\t\t\t>Kuzey Denetim &<br> Mali M\u00fc\u015favirlik \n\t\t\t\t\t\t\t<\/rs-layer><!--\n\n\t\t\t\t\t\t\t--><rs-layer\n\t\t\t\t\t\t\t\tid=\"slider-4-slide-12-layer-2\" \n\t\t\t\t\t\t\t\tdata-type=\"text\"\n\t\t\t\t\t\t\t\tdata-color=\"#000000\"\n\t\t\t\t\t\t\t\tdata-rsp_ch=\"on\"\n\t\t\t\t\t\t\t\tdata-xy=\"x:r,r,c,c;xo:-157px,-157px,0,0;y:m;yo:62px,62px,62px,-20px;\"\n\t\t\t\t\t\t\t\tdata-text=\"w:normal;s:20,20,20,15;l:30,30,30,24;a:left,left,center,center;\"\n\t\t\t\t\t\t\t\tdata-dim=\"w:570px,570px,570px,430px;\"\n\t\t\t\t\t\t\t\tdata-frame_0=\"y:100%;\"\n\t\t\t\t\t\t\t\tdata-frame_0_mask=\"u:t;y:100%;\"\n\t\t\t\t\t\t\t\tdata-frame_1=\"e:power2.inOut;sp:2000;sR:10;\"\n\t\t\t\t\t\t\t\tdata-frame_1_mask=\"u:t;\"\n\t\t\t\t\t\t\t\tdata-frame_999=\"y:100%;e:nothing;st:w;sR:8690.00061035;\"\n\t\t\t\t\t\t\t\tdata-frame_999_mask=\"u:t;\"\n\t\t\t\t\t\t\t\tstyle=\"z-index:8;font-family:'Lato';\"\n\t\t\t\t\t\t\t>Fark\u0131m\u0131z; Kaliteli hizmeti, sizin istekleriniz ve yap\u0131n\u0131z do\u011frultusunda geli\u015ftirdi\u011fimiz \u00f6zel \u00e7\u00f6z\u00fcmlerle sunmakt\u0131r. \n\t\t\t\t\t\t\t<\/rs-layer><!--\n\n\t\t\t\t\t\t\t--><rs-layer\n\t\t\t\t\t\t\t\tid=\"slider-4-slide-12-layer-10\" \n\t\t\t\t\t\t\t\tclass=\"rev-btn\"\n\t\t\t\t\t\t\t\tdata-type=\"button\"\n\t\t\t\t\t\t\t\tdata-color=\"#000000\"\n\t\t\t\t\t\t\t\tdata-rsp_ch=\"on\"\n\t\t\t\t\t\t\t\tdata-xy=\"x:r;xo:219px,426px,403px,248px;y:m;yo:165px,100px,115px,80px;\"\n\t\t\t\t\t\t\t\tdata-text=\"w:normal;s:17,14,17,14;l:24,21,24,24;fw:600;\"\n\t\t\t\t\t\t\t\tdata-dim=\"minh:0px,none,none,none;\"\n\t\t\t\t\t\t\t\tdata-padding=\"t:11,10,11,7;r:43,38,43,27;b:11,10,11,7;l:43,38,43,27;\"\n\t\t\t\t\t\t\t\tdata-border=\"bos:solid;boc:#ffffff;bow:2px,2px,2px,2px;bor:25px,25px,25px,25px;\"\n\t\t\t\t\t\t\t\tdata-frame_999=\"o:0;st:w;\"\n\t\t\t\t\t\t\t\tdata-frame_hover=\"c:#fff;bgc:#d2b871;boc:#d2b871;bor:25px,25px,25px,25px;bos:solid;bow:2px,2px,2px,2px;e:power1.inOut;\"\n\t\t\t\t\t\t\t\tstyle=\"z-index:9;background-color:rgba(0,0,0,0);font-family:'Poppins';\"\n\t\t\t\t\t\t\t>Hakk\u0131m\u0131zda \n\t\t\t\t\t\t\t<\/rs-layer><!--\n\n\t\t\t\t\t\t\t--><rs-layer\n\t\t\t\t\t\t\t\tid=\"slider-4-slide-12-layer-11\" \n\t\t\t\t\t\t\t\tclass=\"rev-btn\"\n\t\t\t\t\t\t\t\tdata-type=\"button\"\n\t\t\t\t\t\t\t\tdata-color=\"#000000\"\n\t\t\t\t\t\t\t\tdata-rsp_ch=\"on\"\n\t\t\t\t\t\t\t\tdata-xy=\"x:r;xo:-68px,246px,196px,100px;y:m;yo:167px,100px,115px,80px;\"\n\t\t\t\t\t\t\t\tdata-text=\"w:normal;s:17,14,17,14;l:24,21,24,24;fw:600;\"\n\t\t\t\t\t\t\t\tdata-dim=\"minh:0px,none,none,none;\"\n\t\t\t\t\t\t\t\tdata-padding=\"t:11,10,11,7;r:43,38,43,27;b:11,10,11,7;l:43,38,43,27;\"\n\t\t\t\t\t\t\t\tdata-border=\"bos:solid;boc:#d2b871;bow:2px,2px,2px,2px;bor:25px,25px,25px,25px;\"\n\t\t\t\t\t\t\t\tdata-frame_999=\"o:0;st:w;\"\n\t\t\t\t\t\t\t\tdata-frame_hover=\"c:#fff;bgc:rgba(0,122,255,0);boc:#fff;bor:25px,25px,25px,25px;bos:solid;bow:2px,2px,2px,2px;bri:120%;\"\n\t\t\t\t\t\t\t\tstyle=\"z-index:10;background-color:#d2b871;font-family:'Poppins';\"\n\t\t\t\t\t\t\t>\u0130leti\u015fim \n\t\t\t\t\t\t\t<\/rs-layer><!--\n-->\t\t\t\t\t\t<\/rs-slide>\n\t\t\t\t\t<\/rs-slides>\n\t\t\t\t<\/rs-module>\n\t\t\t\t<script>\n\t\t\t\t\tsetREVStartSize({c: 'rev_slider_4_1',rl:[1240,1024,778,480],el:[610,610,610,610],gw:[1170,1024,778,480],gh:[610,610,610,610],type:'standard',justify:'',layout:'fullwidth',mh:\"0\"});if (window.RS_MODULES!==undefined && window.RS_MODULES.modules!==undefined && window.RS_MODULES.modules[\"revslider41\"]!==undefined) {window.RS_MODULES.modules[\"revslider41\"].once = false;window.revapi4 = undefined;if (window.RS_MODULES.checkMinimal!==undefined) window.RS_MODULES.checkMinimal()}\n\t\t\t\t<\/script>\n\t\t\t<\/rs-module-wrap>\n\t\t\t<!-- END REVOLUTION SLIDER -->\n\t\t<\/div>\n\t<\/div>\n<\/section>\n<!--End Main Slider-->\n<\/div><\/div><\/div><\/div><\/section><section class=\"kc-elm kc-css-115376 kc_row\"><div class=\"kc-row-container\"><div class=\"kc-wrap-columns\"><div class=\"kc-elm kc-css-791812 kc_col-sm-12 kc_column kc_col-sm-12\"><div class=\"kc-col-container\">\r\n\r\n<!--Welcome Section-->\r\n<section class=\"welcome-section\" style=\"background-image:url(http:\/\/www.kuzeydenetim.com\/wp-content\/uploads\/2018\/01\/map-pattern-1.png)\">\r\n\t<div class=\"auto-container\">\r\n\t\t<!--Services Title-->\r\n\t\t<div class=\"services-title\">\r\n\t\t\t<div class=\"title\">Kuzey Denetim ve Mali M\u00fc\u015favirlik<\/div>\r\n\t\t\t<h2>Konusunda Tecr\u00fcbeli Kadromuz \u0130le M\u00fc\u015fterilerimize Kaliteli ve\r\nG\u00fcvenilir Hizmetler Sunuyoruz.\r\n<\/h2>\r\n\t\t<\/div>\r\n\t\t<div class=\"row clearfix\">\r\n\t\t\t\t\t\t<!--Services Block-->\r\n\t\t\t<div class=\"services-block col-md-4 col-sm-6 col-xs-12\">\r\n\t\t\t\t<div class=\"inner-box hvr-float-shadow\">\r\n\t\t\t\t\t<div class=\"image\">\r\n\t\t\t\t\t\t<a href=\"https:\/\/www.kuzeydenetim.com\/index.php\/hizmetlerimiz\/\"><img loading=\"lazy\" decoding=\"async\" width=\"370\" height=\"190\" src=\"https:\/\/www.kuzeydenetim.com\/wp-content\/uploads\/2018\/01\/services-2.jpg\" class=\"attachment-consultox_370x190 size-consultox_370x190 wp-post-image\" alt=\"\" srcset=\"https:\/\/www.kuzeydenetim.com\/wp-content\/uploads\/2018\/01\/services-2.jpg 370w, https:\/\/www.kuzeydenetim.com\/wp-content\/uploads\/2018\/01\/services-2-300x154.jpg 300w\" sizes=\"auto, (max-width: 370px) 100vw, 370px\" \/><\/a>\r\n\t\t\t\t\t<\/div>\r\n\t\t\t\t\t<div class=\"lower-content\">\r\n\t\t\t\t\t\t<h3><a href=\"https:\/\/www.kuzeydenetim.com\/index.php\/hizmetlerimiz\/\">Kurumlar ve Gelir Vergisi Hizmetleri<\/a><\/h3>\r\n\t\t\t\t\t\t<div class=\"text\"><\/div>\r\n\t\t\t\t\t\t<a href=\"https:\/\/www.kuzeydenetim.com\/index.php\/hizmetlerimiz\/\" class=\"read-more\">Read more<\/a>\r\n\t\t\t\t\t<\/div>\r\n\t\t\t\t<\/div>\r\n\t\t\t<\/div>\r\n\t\t\t\t\t\t<!--Services Block-->\r\n\t\t\t<div class=\"services-block col-md-4 col-sm-6 col-xs-12\">\r\n\t\t\t\t<div class=\"inner-box hvr-float-shadow\">\r\n\t\t\t\t\t<div class=\"image\">\r\n\t\t\t\t\t\t<a href=\"https:\/\/www.kuzeydenetim.com\/index.php\/hizmetlerimiz\/\"><img loading=\"lazy\" decoding=\"async\" width=\"370\" height=\"190\" src=\"https:\/\/www.kuzeydenetim.com\/wp-content\/uploads\/2018\/01\/services-3.jpg\" class=\"attachment-consultox_370x190 size-consultox_370x190 wp-post-image\" alt=\"\" srcset=\"https:\/\/www.kuzeydenetim.com\/wp-content\/uploads\/2018\/01\/services-3.jpg 370w, https:\/\/www.kuzeydenetim.com\/wp-content\/uploads\/2018\/01\/services-3-300x154.jpg 300w\" sizes=\"auto, (max-width: 370px) 100vw, 370px\" \/><\/a>\r\n\t\t\t\t\t<\/div>\r\n\t\t\t\t\t<div class=\"lower-content\">\r\n\t\t\t\t\t\t<h3><a href=\"https:\/\/www.kuzeydenetim.com\/index.php\/hizmetlerimiz\/\">Vergi  Dan\u0131\u015fmanl\u0131\u011f\u0131 Hizmetlerimiz<\/a><\/h3>\r\n\t\t\t\t\t\t<div class=\"text\"><\/div>\r\n\t\t\t\t\t\t<a href=\"https:\/\/www.kuzeydenetim.com\/index.php\/hizmetlerimiz\/\" class=\"read-more\">Read more<\/a>\r\n\t\t\t\t\t<\/div>\r\n\t\t\t\t<\/div>\r\n\t\t\t<\/div>\r\n\t\t\t\t\t\t<!--Services Block-->\r\n\t\t\t<div class=\"services-block col-md-4 col-sm-6 col-xs-12\">\r\n\t\t\t\t<div class=\"inner-box hvr-float-shadow\">\r\n\t\t\t\t\t<div class=\"image\">\r\n\t\t\t\t\t\t<a href=\"https:\/\/www.kuzeydenetim.com\/index.php\/hizmetlerimiz\/\"><img loading=\"lazy\" decoding=\"async\" width=\"370\" height=\"190\" src=\"https:\/\/www.kuzeydenetim.com\/wp-content\/uploads\/2018\/01\/services-1.jpg\" class=\"attachment-consultox_370x190 size-consultox_370x190 wp-post-image\" alt=\"\" srcset=\"https:\/\/www.kuzeydenetim.com\/wp-content\/uploads\/2018\/01\/services-1.jpg 370w, https:\/\/www.kuzeydenetim.com\/wp-content\/uploads\/2018\/01\/services-1-300x154.jpg 300w\" sizes=\"auto, (max-width: 370px) 100vw, 370px\" \/><\/a>\r\n\t\t\t\t\t<\/div>\r\n\t\t\t\t\t<div class=\"lower-content\">\r\n\t\t\t\t\t\t<h3><a href=\"https:\/\/www.kuzeydenetim.com\/index.php\/hizmetlerimiz\/\">Y\u00f6netim Dan\u0131\u015fmanl\u0131\u011f\u0131 Hizmetlerimiz<\/a><\/h3>\r\n\t\t\t\t\t\t<div class=\"text\"><\/div>\r\n\t\t\t\t\t\t<a href=\"https:\/\/www.kuzeydenetim.com\/index.php\/hizmetlerimiz\/\" class=\"read-more\">Read more<\/a>\r\n\t\t\t\t\t<\/div>\r\n\t\t\t\t<\/div>\r\n\t\t\t<\/div>\r\n\t\t\t\t\t<\/div>\r\n\t<\/div>\r\n<\/section>\r\n<!--End Welcome Section-->\r\n\r\n<\/div><\/div><\/div><\/div><\/section><section class=\"kc-elm kc-css-804328 kc_row\"><div class=\"kc-row-container\"><div class=\"kc-wrap-columns\"><div class=\"kc-elm kc-css-907994 kc_col-sm-12 kc_column kc_col-sm-12\"><div class=\"kc-col-container\">\r\n\r\n<!--Services Section-->\r\n<section class=\"services-section no-padd-top grey-bg\">\r\n\t<div class=\"auto-container\">\r\n\t\t<!--Sec Title-->\r\n\t\t<div class=\"sec-title\">\r\n\t\t\t<h2>Hizmetlerimiz<\/h2>\r\n\t\t\t<div class=\"text\">KUZEY DENET\u0130M, uluslararas\u0131 i\u00e7 kontrol prensipleri, uygulama standartlar\u0131 \u00e7al\u0131\u015fmalar\u0131n\u0131 esas alarak, y\u00f6netime ba\u011f\u0131ms\u0131z objektif g\u00fcvence ile stratejik dan\u0131\u015fmanl\u0131k sa\u011flar.<\/div>\r\n\t\t<\/div>\r\n\t\t<div class=\"four-item-carousel owl-carousel owl-theme\">\r\n\t\t\t\t\t\t<!--Services Block Two-->\r\n\t\t\t<div class=\"services-block-two\">\r\n\t\t\t\t<div class=\"inner-box\">\r\n\t\t\t\t\t<div class=\"icon-box\">\r\n\t\t\t\t\t\t<span class=\"icon fa fa-book\"><\/span>\r\n\t\t\t\t\t<\/div>\r\n\t\t\t\t\t<h3><a href=\"#\">KDV ve Di\u011fer Dolayl\u0131 Vergiler Hizmetleri<\/a><\/h3>\r\n                    <div class=\"text\">Katma De\u011fer Vergisi ve damga vergisi beyannamelerinin&#8230;<\/div>\r\n                    <a href=\"#\" class=\"read-more\">Read more<\/a>\r\n\t\t\t\t<\/div>\r\n\t\t\t<\/div>\r\n\t\t\t\t\t\t<!--Services Block Two-->\r\n\t\t\t<div class=\"services-block-two\">\r\n\t\t\t\t<div class=\"inner-box\">\r\n\t\t\t\t\t<div class=\"icon-box\">\r\n\t\t\t\t\t\t<span class=\"icon fa fa-bookmark-o\"><\/span>\r\n\t\t\t\t\t<\/div>\r\n\t\t\t\t\t<h3><a href=\"#\">Kurumlar ve Gelir Vergisi Hizmetleri<\/a><\/h3>\r\n                    <div class=\"text\">Y\u0131ll\u0131k Kurumlar Vergisi beyannamelerinin, ge\u00e7ici vergi&#8230;<\/div>\r\n                    <a href=\"#\" class=\"read-more\">Read more<\/a>\r\n\t\t\t\t<\/div>\r\n\t\t\t<\/div>\r\n\t\t\t\t\t\t<!--Services Block Two-->\r\n\t\t\t<div class=\"services-block-two\">\r\n\t\t\t\t<div class=\"inner-box\">\r\n\t\t\t\t\t<div class=\"icon-box\">\r\n\t\t\t\t\t\t<span class=\"icon fa fa-home\"><\/span>\r\n\t\t\t\t\t<\/div>\r\n\t\t\t\t\t<h3><a href=\"#\">\u015eirket ve Ki\u015filere Y\u00f6nelik Muhasebe<\/a><\/h3>\r\n                    <div class=\"text\">T\u00fcrkiye\u2019de uygulanan\u00a0 yasalar a uygun olarak\u00a0 yasal&#8230;<\/div>\r\n                    <a href=\"#\" class=\"read-more\">Read more<\/a>\r\n\t\t\t\t<\/div>\r\n\t\t\t<\/div>\r\n\t\t\t\t\t\t<!--Services Block Two-->\r\n\t\t\t<div class=\"services-block-two\">\r\n\t\t\t\t<div class=\"inner-box\">\r\n\t\t\t\t\t<div class=\"icon-box\">\r\n\t\t\t\t\t\t<span class=\"icon fa fa-user\"><\/span>\r\n\t\t\t\t\t<\/div>\r\n\t\t\t\t\t<h3><a href=\"#\">Y\u00f6netim Dan\u0131\u015fmanl\u0131\u011f\u0131<\/a><\/h3>\r\n                    <div class=\"text\">\u015eirketlerin i\u00e7inde bulundu\u011fu sekt\u00f6rdeki rekabet \u015fartlar\u0131n\u0131&#8230;<\/div>\r\n                    <a href=\"#\" class=\"read-more\">Read more<\/a>\r\n\t\t\t\t<\/div>\r\n\t\t\t<\/div>\r\n\t\t\t\t\t\t<!--Services Block Two-->\r\n\t\t\t<div class=\"services-block-two\">\r\n\t\t\t\t<div class=\"inner-box\">\r\n\t\t\t\t\t<div class=\"icon-box\">\r\n\t\t\t\t\t\t<span class=\"icon fa fa-search-plus\"><\/span>\r\n\t\t\t\t\t<\/div>\r\n\t\t\t\t\t<h3><a href=\"#\">Vergi Dan\u0131\u015fmanl\u0131\u011f\u0131 Hizmetleri<\/a><\/h3>\r\n                    <div class=\"text\">Transfer Fiyatland\u0131rmas\u0131 ve \u00d6rt\u00fcl\u00fc kazan\u00e7 konular\u0131nda&#8230;<\/div>\r\n                    <a href=\"#\" class=\"read-more\">Read more<\/a>\r\n\t\t\t\t<\/div>\r\n\t\t\t<\/div>\r\n\t\t\t\t\t\t<!--Services Block Two-->\r\n\t\t\t<div class=\"services-block-two\">\r\n\t\t\t\t<div class=\"inner-box\">\r\n\t\t\t\t\t<div class=\"icon-box\">\r\n\t\t\t\t\t\t<span class=\"icon fa fa-dot-circle-o\"><\/span>\r\n\t\t\t\t\t<\/div>\r\n\t\t\t\t\t<h3><a href=\"http:\/\/wp2.commonsupport.com\/newwp\/consultox\/business-consulting\/\">Bordro Hizmetleri<\/a><\/h3>\r\n                    <div class=\"text\">Personel maa\u015f bordrolar\u0131n\u0131n haz\u0131rlanmas\u0131 ve kontrol\u00fc ve hesaplamalar\u0131n\u0131n&#8230;<\/div>\r\n                    <a href=\"http:\/\/wp2.commonsupport.com\/newwp\/consultox\/business-consulting\/\" class=\"read-more\">Read more<\/a>\r\n\t\t\t\t<\/div>\r\n\t\t\t<\/div>\r\n\t\t\t\t\t\t<!--Services Block Two-->\r\n\t\t\t<div class=\"services-block-two\">\r\n\t\t\t\t<div class=\"inner-box\">\r\n\t\t\t\t\t<div class=\"icon-box\">\r\n\t\t\t\t\t\t<span class=\"icon flaticon-home-page\"><\/span>\r\n\t\t\t\t\t<\/div>\r\n\t\t\t\t\t<h3><a href=\"http:\/\/wp2.commonsupport.com\/newwp\/consultox\/investment-planning\/\">Denetim Hizmetleri<\/a><\/h3>\r\n                    <div class=\"text\">T\u00fcrkiye\u2019de i\u015f ya\u015fam\u0131n\u0131 d\u00fczenleyen kuralar \u00e7er\u00e7evesinde, \u00c7e\u015fitli&#8230;<\/div>\r\n                    <a href=\"http:\/\/wp2.commonsupport.com\/newwp\/consultox\/investment-planning\/\" class=\"read-more\">Read more<\/a>\r\n\t\t\t\t<\/div>\r\n\t\t\t<\/div>\r\n\t\t\t\t\t<\/div>\r\n\t<\/div>\r\n<\/section>\r\n<!--End Services Section-->\r\n\r\n<\/div><\/div><\/div><\/div><\/section><section class=\"kc-elm kc-css-48446 kc_row\"><div class=\"kc-row-container\"><div class=\"kc-wrap-columns\"><div class=\"kc-elm kc-css-899950 kc_col-sm-12 kc_column kc_col-sm-12\"><div class=\"kc-col-container\"><!--Call To Action Section-->\n<section class=\"call-to-action-section\" style=\"background-image:url(http:\/\/www.kuzeydenetim.com\/wp-content\/uploads\/2018\/01\/1.jpg)\">\n    <div class=\"auto-container\">\n        <h2>Profesyonel ve Kaliteli <span>\u00c7\u00f6z\u00fcmler i\u00e7in<\/span><\/h2>\n        <div class=\"number-box clearfix\">\n            <div class=\"pull-left\">\n                <div class=\"number\">0212 266 50 38<\/div>\n            <\/div>\n            <div class=\"pull-right\">\n                <a href=\"https:\/\/www.kuzeydenetim.com\/index.php\/iletisim\/\" class=\"theme-btn btn-style-three\">\u0130leti\u015fim Ge\u00e7<\/a>\n            <\/div>\n        <\/div>\n    <\/div>\n<\/section>\n<!--End Call To Action Section-->\n<\/div><\/div><\/div><\/div><\/section><section class=\"kc-elm kc-css-815815 kc_row\"><div class=\"kc-row-container\"><div class=\"kc-wrap-columns\"><div class=\"kc-elm kc-css-770486 kc_col-sm-12 kc_column kc_col-sm-12\"><div class=\"kc-col-container\">\r\n\r\n<!--News Section-->\r\n<section class=\"news-section\">\r\n\t<div class=\"auto-container\">\r\n\t\t<div class=\"sec-title-two\">\r\n\t\t\t<h2>Haber &amp; Yaz\u0131lar<\/h2>\r\n\t\t<\/div>\r\n\t\t<div class=\"row clearfix\">\r\n\t\t\t<!--Column-->\r\n\t\t\t<div class=\"column col-md-8 col-sm-12 col-xs-12\">\r\n\t\t\t\t<div class=\"row clearfix\">\r\n\t\t\t\t\t\t\t\t\t\t<!--News Block-->\r\n\t\t\t\t\t<div class=\"news-block col-md-6 col-sm-6 col-xs-12\">\r\n\t\t\t\t\t\t<div class=\"inner-box hvr-float\">\r\n\t\t\t\t\t\t\t<div class=\"image\">\r\n\t\t\t\t\t\t\t\t<a href=\"https:\/\/www.kuzeydenetim.com\/index.php\/2018\/01\/02\/the-most-widely-recognized-oversights-individual-funds\/\"><img loading=\"lazy\" decoding=\"async\" width=\"289\" height=\"174\" src=\"https:\/\/www.kuzeydenetim.com\/wp-content\/uploads\/2018\/01\/kuzey_eyt.png\" class=\"attachment-consultox_370x245 size-consultox_370x245 wp-post-image\" alt=\"\" \/><\/a>\r\n\t\t\t\t\t\t\t\t<div class=\"post-date\">02 Oca. 2018<\/div>\r\n\t\t\t\t\t\t\t<\/div>\r\n\t\t\t\t\t\t\t<div class=\"lower-box\">\r\n\t\t\t\t\t\t\t\t<h3><a href=\"https:\/\/www.kuzeydenetim.com\/index.php\/2018\/01\/02\/the-most-widely-recognized-oversights-individual-funds\/\">EYT&#8217;de Ya\u015f S\u0131n\u0131r\u0131 Uygulanmayacak<\/a><\/h3>\r\n\t\t\t\t\t\t\t\t<div class=\"text\">Cumhurba\u015fkan\u0131 Erdo\u011fan, EYT&nbsp;d\u00fczenlemesinin ayr\u0131nt\u0131lar\u0131n\u0131 a\u00e7\u0131klad\u0131. Erdo\u011fan, d\u00fczenleme kapsam\u0131nda herhangi bir ya\u015f s\u0131n\u0131r\u0131 uygulanmayaca\u011f\u0131n\u0131 belirterek &#8220;D\u00fczenlemeyle yakla\u015f\u0131k 2 miyon 250 ...<\/div>\r\n\t\t\t\t\t\t\t\t<a href=\"https:\/\/www.kuzeydenetim.com\/index.php\/2018\/01\/02\/the-most-widely-recognized-oversights-individual-funds\/\" class=\"read-more\">Read more<\/a>\r\n\t\t\t\t\t\t\t<\/div>\r\n\t\t\t\t\t\t<\/div>\r\n\t\t\t\t\t<\/div>\r\n\t\t\t\t\t\t\t\t\t\t<!--News Block-->\r\n\t\t\t\t\t<div class=\"news-block col-md-6 col-sm-6 col-xs-12\">\r\n\t\t\t\t\t\t<div class=\"inner-box hvr-float\">\r\n\t\t\t\t\t\t\t<div class=\"image\">\r\n\t\t\t\t\t\t\t\t<a href=\"https:\/\/www.kuzeydenetim.com\/index.php\/2018\/01\/02\/worldwide-private-equity-final-report-2017\/\"><img loading=\"lazy\" decoding=\"async\" width=\"725\" height=\"410\" src=\"https:\/\/www.kuzeydenetim.com\/wp-content\/uploads\/2018\/01\/vergi-sistemi-nedir_1.jpg\" class=\"attachment-consultox_370x245 size-consultox_370x245 wp-post-image\" alt=\"\" srcset=\"https:\/\/www.kuzeydenetim.com\/wp-content\/uploads\/2018\/01\/vergi-sistemi-nedir_1.jpg 725w, https:\/\/www.kuzeydenetim.com\/wp-content\/uploads\/2018\/01\/vergi-sistemi-nedir_1-300x170.jpg 300w\" sizes=\"auto, (max-width: 725px) 100vw, 725px\" \/><\/a>\r\n\t\t\t\t\t\t\t\t<div class=\"post-date\">02 Oca. 2018<\/div>\r\n\t\t\t\t\t\t\t<\/div>\r\n\t\t\t\t\t\t\t<div class=\"lower-box\">\r\n\t\t\t\t\t\t\t\t<h3><a href=\"https:\/\/www.kuzeydenetim.com\/index.php\/2018\/01\/02\/worldwide-private-equity-final-report-2017\/\">Ertelenen VERG\u0130 VE SGK Prim \u00d6deme Tarihleri<\/a><\/h3>\r\n\t\t\t\t\t\t\t\t<div class=\"text\">A-) Nisan\/2020 \u00a0KDV Beyanname \u00d6demeleri 27.10.2020 Nisan MUHTASAR Beyanname \u00d6demeleri 27.10.2020\u00a0Nisan\/2020 SGK ve Ba\u011f -Kur Primlerinin \u00f6demesi son g\u00fcn\u00fc\u00a002\/11\/2020 ...<\/div>\r\n\t\t\t\t\t\t\t\t<a href=\"https:\/\/www.kuzeydenetim.com\/index.php\/2018\/01\/02\/worldwide-private-equity-final-report-2017\/\" class=\"read-more\">Read more<\/a>\r\n\t\t\t\t\t\t\t<\/div>\r\n\t\t\t\t\t\t<\/div>\r\n\t\t\t\t\t<\/div>\r\n\t\t\t\t\t\t\t\t\t<\/div>\r\n\t\t\t<\/div>\r\n\t\t\t\r\n\t\t\t<!--Column-->\r\n\t\t\t<div class=\"column col-md-4 col-sm-12 col-xs-12\">\r\n\t\t\t\t<div class=\"sidebar-news\">\r\n                \t\t\t\t\t\t<!--News Block Two-->\r\n\t\t\t\t\t<div class=\"news-block-two\">\r\n\t\t\t\t\t\t<div class=\"inner-box\">\r\n\t\t\t\t\t\t\t<h3><a href=\"https:\/\/www.kuzeydenetim.com\/index.php\/2018\/01\/02\/financial-services-five-ways-to-start-forsucceed\/\">Geri Kazan\u0131m Beyannamesi Hayat\u0131m\u0131za Girdi!<\/a><\/h3>\r\n\t\t\t\t\t\t\t<div class=\"post-date\">Oca 02 2018<\/div>\r\n\t\t\t\t\t\t<\/div>\r\n\t\t\t\t\t<\/div>\r\n\t\t\t\t\t\t\t\t\t\t<!--News Block Two-->\r\n\t\t\t\t\t<div class=\"news-block-two\">\r\n\t\t\t\t\t\t<div class=\"inner-box\">\r\n\t\t\t\t\t\t\t<h3><a href=\"https:\/\/www.kuzeydenetim.com\/index.php\/2018\/01\/02\/worldwide-private-equity-final-report-2017-2\/\">5 ve \u00dcst\u00fc \u00c7al\u0131\u015fan\u0131 Olan \u0130\u015fverenler D\u0130KKAT! BES Sistemine Ge\u00e7iniz<\/a><\/h3>\r\n\t\t\t\t\t\t\t<div class=\"post-date\">Oca 02 2018<\/div>\r\n\t\t\t\t\t\t<\/div>\r\n\t\t\t\t\t<\/div>\r\n\t\t\t\t\t\t\t\t\t\t<!--News Block Two-->\r\n\t\t\t\t\t<div class=\"news-block-two\">\r\n\t\t\t\t\t\t<div class=\"inner-box\">\r\n\t\t\t\t\t\t\t<h3><a href=\"https:\/\/www.kuzeydenetim.com\/index.php\/2018\/01\/02\/financial-services-five-ways-to-start-forsucceed-2\/\">Vergisel D\u00fczenlemeler<\/a><\/h3>\r\n\t\t\t\t\t\t\t<div class=\"post-date\">Oca 02 2018<\/div>\r\n\t\t\t\t\t\t<\/div>\r\n\t\t\t\t\t<\/div>\r\n\t\t\t\t\t\t\t\t\t<\/div>\r\n\t\t\t<\/div>\r\n\t\t\t\r\n\t\t<\/div>\r\n\t\t\r\n\t<\/div>\r\n<\/section>\r\n<!--End News Section-->\r\n\r\n<\/div><\/div><\/div><\/div><\/section><section class=\"kc-elm kc-css-759397 kc_row\"><div class=\"kc-row-container\"><div class=\"kc-wrap-columns\"><div class=\"kc-elm kc-css-158886 kc_col-sm-12 kc_column kc_col-sm-12\"><div class=\"kc-col-container\"><!--Appointment Section-->\n<section class=\"appointment-section\" style=\"background-image:url(http:\/\/www.kuzeydenetim.com\/wp-content\/uploads\/2018\/01\/2-1.jpg)\">\n    <div class=\"auto-container clearfix\">\n        <div class=\"inner-container\">\n            <h2>Bizimle hemen ileti\u015fime ge\u00e7in<\/h2>\n            <div class=\"text\">Kuzey Denetim \u00e7\u00f6z\u00fcmleri sonuca ula\u015fman\u0131za yard\u0131mc\u0131 olabilir.<\/div>\n            <a href=\"http:\/\/kuzeydenetim.com\/index.php\/iletisim\/\" class=\"theme-btn btn-style-two\">\u0130leti\u015fime Ge\u00e7<\/a>\n        <\/div>\n    <\/div>\n<\/section>\n<!--End Appointment Section-->\n<\/div><\/div><\/div><\/div><\/section><\/p>\n","protected":false},"excerpt":{"rendered":"","protected":false},"author":1,"featured_media":0,"parent":0,"menu_order":0,"comment_status":"closed","ping_status":"closed","template":"tpl-king_composer.php","meta":{"footnotes":""},"class_list":["post-531","page","type-page","status-publish","hentry"],"_links":{"self":[{"href":"https:\/\/www.kuzeydenetim.com\/index.php\/wp-json\/wp\/v2\/pages\/531","targetHints":{"allow":["GET"]}}],"collection":[{"href":"https:\/\/www.kuzeydenetim.com\/index.php\/wp-json\/wp\/v2\/pages"}],"about":[{"href":"https:\/\/www.kuzeydenetim.com\/index.php\/wp-json\/wp\/v2\/types\/page"}],"author":[{"embeddable":true,"href":"https:\/\/www.kuzeydenetim.com\/index.php\/wp-json\/wp\/v2\/users\/1"}],"replies":[{"embeddable":true,"href":"https:\/\/www.kuzeydenetim.com\/index.php\/wp-json\/wp\/v2\/comments?post=531"}],"version-history":[{"count":29,"href":"https:\/\/www.kuzeydenetim.com\/index.php\/wp-json\/wp\/v2\/pages\/531\/revisions"}],"predecessor-version":[{"id":2612,"href":"https:\/\/www.kuzeydenetim.com\/index.php\/wp-json\/wp\/v2\/pages\/531\/revisions\/2612"}],"wp:attachment":[{"href":"https:\/\/www.kuzeydenetim.com\/index.php\/wp-json\/wp\/v2\/media?parent=531"}],"curies":[{"name":"wp","href":"https:\/\/api.w.org\/{rel}","templated":true}]}}